{"id":22,"date":"2022-06-10T15:46:49","date_gmt":"2022-06-10T15:46:49","guid":{"rendered":"https:\/\/kadence.pixel-show.com\/cleaning-services\/?page_id=22"},"modified":"2025-05-07T08:44:14","modified_gmt":"2025-05-07T08:44:14","slug":"hakkimizda","status":"publish","type":"page","link":"https:\/\/kizilaydershaneankara.com\/index.php\/hakkimizda\/","title":{"rendered":"Hakk\u0131m\u0131zda"},"content":{"rendered":"<style>.kb-row-layout-id22_6483b5-dd > .kt-row-column-wrap{align-content:start;}:where(.kb-row-layout-id22_6483b5-dd > .kt-row-column-wrap) > .wp-block-kadence-column{justify-content:start;}.kb-row-layout-id22_6483b5-dd > .kt-row-column-wrap{column-gap:var(--global-kb-gap-md, 2rem);row-gap:var(--global-kb-gap-md, 2rem);max-width:var( --global-content-width, 1290px );padding-left:var(--global-content-edge-padding);padding-right:var(--global-content-edge-padding);padding-top:140px;padding-bottom:100px;grid-template-columns:minmax(0, 1fr);}.kb-row-layout-id22_6483b5-dd > .kt-row-layout-overlay{opacity:0.07;background-image:url('http:\/\/kizilaydershaneankara.com\/wp-content\/uploads\/2022\/06\/pexels-max-vakhtbovych-71005448.jpg');background-size:cover;background-position:51% 55.00000000000001%;background-attachment:scroll;background-repeat:no-repeat;mix-blend-mode:normal;}@media all and (max-width: 1024px){.kb-row-layout-id22_6483b5-dd > .kt-row-column-wrap{padding-top:80px;padding-bottom:80px;grid-template-columns:minmax(0, 1fr);}}@media all and (max-width: 767px){.kb-row-layout-id22_6483b5-dd > .kt-row-column-wrap{padding-top:100px;padding-right:30px;padding-bottom:100px;padding-left:30px;grid-template-columns:minmax(0, 1fr);}}<\/style><div class=\"kb-row-layout-wrap kb-row-layout-id22_6483b5-dd alignnone has-theme-palette8-background-color kt-row-has-bg wp-block-kadence-rowlayout\"><div class=\"kt-row-layout-overlay kt-row-overlay-normal\"><\/div><div class=\"kt-row-column-wrap kt-has-1-columns kt-row-layout-equal kt-tab-layout-inherit kt-mobile-layout-row kt-row-valign-top kb-theme-content-width\">\n<style>.kadence-column22_d92ffb-e6 > .kt-inside-inner-col,.kadence-column22_d92ffb-e6 > .kt-inside-inner-col:before{border-top-left-radius:0px;border-top-right-radius:0px;border-bottom-right-radius:0px;border-bottom-left-radius:0px;}.kadence-column22_d92ffb-e6 > .kt-inside-inner-col{column-gap:var(--global-kb-gap-sm, 1rem);}.kadence-column22_d92ffb-e6 > .kt-inside-inner-col{flex-direction:column;}.kadence-column22_d92ffb-e6 > .kt-inside-inner-col > .aligncenter{width:100%;}.kadence-column22_d92ffb-e6 > .kt-inside-inner-col:before{opacity:0.3;}.kadence-column22_d92ffb-e6{position:relative;}@media all and (max-width: 1024px){.kadence-column22_d92ffb-e6 > .kt-inside-inner-col{padding-top:0px;padding-right:0px;padding-bottom:0px;padding-left:0px;flex-direction:column;justify-content:center;}}@media all and (max-width: 767px){.kadence-column22_d92ffb-e6 > .kt-inside-inner-col{flex-direction:column;justify-content:center;}}<\/style>\n<div class=\"wp-block-kadence-column kadence-column22_d92ffb-e6 inner-column-1\"><div class=\"kt-inside-inner-col\"><style>.kb-row-layout-id22_3b7090-83 > .kt-row-column-wrap{align-content:start;}:where(.kb-row-layout-id22_3b7090-83 > .kt-row-column-wrap) > .wp-block-kadence-column{justify-content:start;}.kb-row-layout-id22_3b7090-83 > .kt-row-column-wrap{column-gap:var(--global-kb-gap-md, 2rem);row-gap:var(--global-kb-gap-md, 2rem);max-width:600px;margin-left:auto;margin-right:auto;padding-top:0px;padding-bottom:0px;grid-template-columns:minmax(0, 1fr);}.kb-row-layout-id22_3b7090-83 > .kt-row-layout-overlay{opacity:0.30;}@media all and (max-width: 1024px){.kb-row-layout-id22_3b7090-83 > .kt-row-column-wrap{padding-top:0px;padding-right:0px;padding-bottom:0px;padding-left:0px;grid-template-columns:minmax(0, 1fr);}}@media all and (max-width: 767px){.kb-row-layout-id22_3b7090-83 > .kt-row-column-wrap{grid-template-columns:minmax(0, 1fr);}}<\/style><div class=\"kb-row-layout-wrap kb-row-layout-id22_3b7090-83 alignnone wp-block-kadence-rowlayout\"><div class=\"kt-row-column-wrap kt-has-1-columns kt-row-layout-equal kt-tab-layout-inherit kt-mobile-layout-row kt-row-valign-top\">\n<style>.kadence-column22_90850a-94 > .kt-inside-inner-col{padding-right:40px;padding-left:40px;}.kadence-column22_90850a-94 > .kt-inside-inner-col,.kadence-column22_90850a-94 > .kt-inside-inner-col:before{border-top-left-radius:0px;border-top-right-radius:0px;border-bottom-right-radius:0px;border-bottom-left-radius:0px;}.kadence-column22_90850a-94 > .kt-inside-inner-col{column-gap:var(--global-kb-gap-sm, 1rem);}.kadence-column22_90850a-94 > .kt-inside-inner-col{flex-direction:column;}.kadence-column22_90850a-94 > .kt-inside-inner-col > .aligncenter{width:100%;}.kadence-column22_90850a-94 > .kt-inside-inner-col:before{opacity:0.3;}.kadence-column22_90850a-94{position:relative;}@media all and (max-width: 1024px){.kadence-column22_90850a-94 > .kt-inside-inner-col{flex-direction:column;justify-content:center;}}@media all and (max-width: 767px){.kadence-column22_90850a-94 > .kt-inside-inner-col{padding-right:0px;padding-left:0px;flex-direction:column;justify-content:center;}}<\/style>\n<div class=\"wp-block-kadence-column kadence-column22_90850a-94 inner-column-1\"><div class=\"kt-inside-inner-col\"><style>.wp-block-kadence-advancedheading.kt-adv-heading22_83e8b4-15, .wp-block-kadence-advancedheading.kt-adv-heading22_83e8b4-15[data-kb-block=\"kb-adv-heading22_83e8b4-15\"]{padding-top:0px;padding-right:0px;padding-bottom:20px;padding-left:0px;margin-top:0px;margin-right:0px;margin-bottom:0px;margin-left:0px;text-align:center;font-style:normal;text-transform:capitalize;}.wp-block-kadence-advancedheading.kt-adv-heading22_83e8b4-15 mark.kt-highlight, .wp-block-kadence-advancedheading.kt-adv-heading22_83e8b4-15[data-kb-block=\"kb-adv-heading22_83e8b4-15\"] mark.kt-highlight{font-style:normal;color:#f76a0c;-webkit-box-decoration-break:clone;box-decoration-break:clone;padding-top:0px;padding-right:0px;padding-bottom:0px;padding-left:0px;}.wp-block-kadence-advancedheading.kt-adv-heading22_83e8b4-15 img.kb-inline-image, .wp-block-kadence-advancedheading.kt-adv-heading22_83e8b4-15[data-kb-block=\"kb-adv-heading22_83e8b4-15\"] img.kb-inline-image{width:150px;vertical-align:baseline;}@media all and (max-width: 767px){.wp-block-kadence-advancedheading.kt-adv-heading22_83e8b4-15, .wp-block-kadence-advancedheading.kt-adv-heading22_83e8b4-15[data-kb-block=\"kb-adv-heading22_83e8b4-15\"]{font-size:var(--global-kb-font-size-lg, 2rem);}}<\/style>\n<h1 class=\"kt-adv-heading22_83e8b4-15 wp-block-kadence-advancedheading has-theme-palette-3-color has-text-color\" data-kb-block=\"kb-adv-heading22_83e8b4-15\">Hakk\u0131m\u0131zda<\/h1>\n\n\n<style>.wp-block-kadence-advancedheading.kt-adv-heading22_1caec6-21, .wp-block-kadence-advancedheading.kt-adv-heading22_1caec6-21[data-kb-block=\"kb-adv-heading22_1caec6-21\"]{padding-right:0px;padding-left:0px;text-align:center;font-style:normal;}.wp-block-kadence-advancedheading.kt-adv-heading22_1caec6-21 mark.kt-highlight, .wp-block-kadence-advancedheading.kt-adv-heading22_1caec6-21[data-kb-block=\"kb-adv-heading22_1caec6-21\"] mark.kt-highlight{font-style:normal;color:#f76a0c;-webkit-box-decoration-break:clone;box-decoration-break:clone;padding-top:0px;padding-right:0px;padding-bottom:0px;padding-left:0px;}.wp-block-kadence-advancedheading.kt-adv-heading22_1caec6-21 img.kb-inline-image, .wp-block-kadence-advancedheading.kt-adv-heading22_1caec6-21[data-kb-block=\"kb-adv-heading22_1caec6-21\"] img.kb-inline-image{width:150px;vertical-align:baseline;}@media all and (max-width: 767px){.wp-block-kadence-advancedheading.kt-adv-heading22_1caec6-21, .wp-block-kadence-advancedheading.kt-adv-heading22_1caec6-21[data-kb-block=\"kb-adv-heading22_1caec6-21\"]{padding-right:0px;padding-left:0px;}}<\/style>\n<p class=\"kt-adv-heading22_1caec6-21 wp-block-kadence-advancedheading has-theme-palette-3-color has-text-color\" data-kb-block=\"kb-adv-heading22_1caec6-21\">Odt\u00fcnet K\u0131z\u0131lay Dershane<\/p>\n<\/div><\/div>\n\n<\/div><\/div><\/div><\/div>\n\n<\/div><\/div>\n\n<style>.kb-row-layout-id22_9b61e4-12 > .kt-row-column-wrap{align-content:start;}:where(.kb-row-layout-id22_9b61e4-12 > .kt-row-column-wrap) > .wp-block-kadence-column{justify-content:start;}.kb-row-layout-id22_9b61e4-12 > .kt-row-column-wrap{column-gap:20px;row-gap:20px;max-width:var( --global-content-width, 1290px );padding-left:var(--global-content-edge-padding);padding-right:var(--global-content-edge-padding);padding-top:80px;padding-right:20px;padding-bottom:80px;padding-left:20px;grid-template-columns:repeat(2, minmax(0, 1fr));}.kb-row-layout-id22_9b61e4-12 > .kt-row-layout-overlay{opacity:0.30;}@media all and (max-width: 1024px){.kb-row-layout-id22_9b61e4-12 > .kt-row-column-wrap{padding-top:60px;padding-right:150px;padding-bottom:60px;padding-left:150px;grid-template-columns:minmax(0, 1fr);}}@media all and (max-width: 767px){.kb-row-layout-id22_9b61e4-12 > .kt-row-column-wrap{padding-top:20px;padding-right:20px;padding-bottom:20px;padding-left:20px;grid-template-columns:minmax(0, 1fr);}}<\/style><div class=\"kb-row-layout-wrap kb-row-layout-id22_9b61e4-12 alignnone wp-block-kadence-rowlayout\"><div class=\"kt-row-column-wrap kt-has-2-columns kt-row-layout-equal kt-tab-layout-row kt-mobile-layout-row kt-row-valign-top kb-theme-content-width\">\n<style>.kadence-column22_818af6-f6 > .kt-inside-inner-col{display:flex;}.kadence-column22_818af6-f6 > .kt-inside-inner-col{padding-top:0px;padding-right:0px;padding-bottom:0px;padding-left:0px;}.kadence-column22_818af6-f6 > .kt-inside-inner-col,.kadence-column22_818af6-f6 > .kt-inside-inner-col:before{border-top-left-radius:0px;border-top-right-radius:0px;border-bottom-right-radius:0px;border-bottom-left-radius:0px;}.kadence-column22_818af6-f6 > .kt-inside-inner-col{column-gap:var(--global-kb-gap-sm, 1rem);}.kadence-column22_818af6-f6 > .kt-inside-inner-col{flex-direction:column;justify-content:center;}.kadence-column22_818af6-f6 > .kt-inside-inner-col > .aligncenter{width:100%;}.kt-row-column-wrap > .kadence-column22_818af6-f6{align-self:center;}.kt-inner-column-height-full:not(.kt-has-1-columns) > .wp-block-kadence-column.kadence-column22_818af6-f6{align-self:auto;}.kt-inner-column-height-full:not(.kt-has-1-columns) > .wp-block-kadence-column.kadence-column22_818af6-f6 > .kt-inside-inner-col{flex-direction:column;justify-content:center;}.kadence-column22_818af6-f6 > .kt-inside-inner-col:before{opacity:0.3;}.kadence-column22_818af6-f6{position:relative;}.kadence-column22_818af6-f6, .kt-inside-inner-col > .kadence-column22_818af6-f6:not(.specificity){margin-right:80px;}@media all and (max-width: 1024px){.kt-row-column-wrap > .kadence-column22_818af6-f6{align-self:center;}}@media all and (max-width: 1024px){.kt-inner-column-height-full:not(.kt-has-1-columns) > .wp-block-kadence-column.kadence-column22_818af6-f6{align-self:auto;}}@media all and (max-width: 1024px){.kt-inner-column-height-full:not(.kt-has-1-columns) > .wp-block-kadence-column.kadence-column22_818af6-f6 > .kt-inside-inner-col{flex-direction:column;justify-content:center;}}@media all and (max-width: 1024px){.kadence-column22_818af6-f6 > .kt-inside-inner-col{flex-direction:column;justify-content:center;}}@media all and (max-width: 1024px){.kadence-column22_818af6-f6, .kt-inside-inner-col > .kadence-column22_818af6-f6:not(.specificity){margin-right:0px;margin-left:0px;}}@media all and (max-width: 767px){.kadence-column22_818af6-f6 > .kt-inside-inner-col{padding-top:20px;padding-right:20px;padding-bottom:20px;padding-left:20px;flex-direction:column;justify-content:center;}.kt-row-column-wrap > .kadence-column22_818af6-f6{align-self:center;}.kt-inner-column-height-full:not(.kt-has-1-columns) > .wp-block-kadence-column.kadence-column22_818af6-f6{align-self:auto;}.kt-inner-column-height-full:not(.kt-has-1-columns) > .wp-block-kadence-column.kadence-column22_818af6-f6 > .kt-inside-inner-col{flex-direction:column;justify-content:center;}.kadence-column22_818af6-f6, .kt-inside-inner-col > .kadence-column22_818af6-f6:not(.specificity){margin-right:0px;margin-left:0px;}}<\/style>\n<div class=\"wp-block-kadence-column kadence-column22_818af6-f6 inner-column-1\"><div class=\"kt-inside-inner-col\"><style>.wp-block-kadence-advancedheading.kt-adv-heading22_84a220-cd, .wp-block-kadence-advancedheading.kt-adv-heading22_84a220-cd[data-kb-block=\"kb-adv-heading22_84a220-cd\"]{margin-bottom:10px;font-style:normal;}.wp-block-kadence-advancedheading.kt-adv-heading22_84a220-cd mark.kt-highlight, .wp-block-kadence-advancedheading.kt-adv-heading22_84a220-cd[data-kb-block=\"kb-adv-heading22_84a220-cd\"] mark.kt-highlight{font-style:normal;color:#f76a0c;-webkit-box-decoration-break:clone;box-decoration-break:clone;padding-top:0px;padding-right:0px;padding-bottom:0px;padding-left:0px;}.wp-block-kadence-advancedheading.kt-adv-heading22_84a220-cd img.kb-inline-image, .wp-block-kadence-advancedheading.kt-adv-heading22_84a220-cd[data-kb-block=\"kb-adv-heading22_84a220-cd\"] img.kb-inline-image{width:150px;vertical-align:baseline;}@media all and (max-width: 1024px){.wp-block-kadence-advancedheading.kt-adv-heading22_84a220-cd, .wp-block-kadence-advancedheading.kt-adv-heading22_84a220-cd[data-kb-block=\"kb-adv-heading22_84a220-cd\"]{text-align:center!important;}}@media all and (max-width: 767px){.wp-block-kadence-advancedheading.kt-adv-heading22_84a220-cd, .wp-block-kadence-advancedheading.kt-adv-heading22_84a220-cd[data-kb-block=\"kb-adv-heading22_84a220-cd\"]{text-align:center!important;}}<\/style>\n<h6 class=\"kt-adv-heading22_84a220-cd wp-block-kadence-advancedheading\" data-kb-block=\"kb-adv-heading22_84a220-cd\">Neden Odt\u00fcnet<\/h6>\n\n\n<style>.wp-block-kadence-advancedheading.kt-adv-heading22_e94130-1b, .wp-block-kadence-advancedheading.kt-adv-heading22_e94130-1b[data-kb-block=\"kb-adv-heading22_e94130-1b\"]{margin-bottom:20px;font-style:normal;}.wp-block-kadence-advancedheading.kt-adv-heading22_e94130-1b mark.kt-highlight, .wp-block-kadence-advancedheading.kt-adv-heading22_e94130-1b[data-kb-block=\"kb-adv-heading22_e94130-1b\"] mark.kt-highlight{font-style:normal;color:#f76a0c;-webkit-box-decoration-break:clone;box-decoration-break:clone;padding-top:0px;padding-right:0px;padding-bottom:0px;padding-left:0px;}.wp-block-kadence-advancedheading.kt-adv-heading22_e94130-1b img.kb-inline-image, .wp-block-kadence-advancedheading.kt-adv-heading22_e94130-1b[data-kb-block=\"kb-adv-heading22_e94130-1b\"] img.kb-inline-image{width:150px;vertical-align:baseline;}@media all and (max-width: 1024px){.wp-block-kadence-advancedheading.kt-adv-heading22_e94130-1b, .wp-block-kadence-advancedheading.kt-adv-heading22_e94130-1b[data-kb-block=\"kb-adv-heading22_e94130-1b\"]{text-align:center!important;}}@media all and (max-width: 767px){.wp-block-kadence-advancedheading.kt-adv-heading22_e94130-1b, .wp-block-kadence-advancedheading.kt-adv-heading22_e94130-1b[data-kb-block=\"kb-adv-heading22_e94130-1b\"]{text-align:center!important;}}<\/style>\n<h2 class=\"kt-adv-heading22_e94130-1b wp-block-kadence-advancedheading\" data-kb-block=\"kb-adv-heading22_e94130-1b\">Ankara K\u0131z\u0131lay Dershane<\/h2>\n\n\n<style>.wp-block-kadence-advancedheading.kt-adv-heading22_d7665e-25, .wp-block-kadence-advancedheading.kt-adv-heading22_d7665e-25[data-kb-block=\"kb-adv-heading22_d7665e-25\"]{margin-bottom:20px;font-style:normal;}.wp-block-kadence-advancedheading.kt-adv-heading22_d7665e-25 mark.kt-highlight, .wp-block-kadence-advancedheading.kt-adv-heading22_d7665e-25[data-kb-block=\"kb-adv-heading22_d7665e-25\"] mark.kt-highlight{font-style:normal;color:#f76a0c;-webkit-box-decoration-break:clone;box-decoration-break:clone;padding-top:0px;padding-right:0px;padding-bottom:0px;padding-left:0px;}.wp-block-kadence-advancedheading.kt-adv-heading22_d7665e-25 img.kb-inline-image, .wp-block-kadence-advancedheading.kt-adv-heading22_d7665e-25[data-kb-block=\"kb-adv-heading22_d7665e-25\"] img.kb-inline-image{width:150px;vertical-align:baseline;}@media all and (max-width: 1024px){.wp-block-kadence-advancedheading.kt-adv-heading22_d7665e-25, .wp-block-kadence-advancedheading.kt-adv-heading22_d7665e-25[data-kb-block=\"kb-adv-heading22_d7665e-25\"]{text-align:center!important;}}@media all and (max-width: 767px){.wp-block-kadence-advancedheading.kt-adv-heading22_d7665e-25, .wp-block-kadence-advancedheading.kt-adv-heading22_d7665e-25[data-kb-block=\"kb-adv-heading22_d7665e-25\"]{text-align:center!important;}}<\/style>\n<p class=\"kt-adv-heading22_d7665e-25 wp-block-kadence-advancedheading\" data-kb-block=\"kb-adv-heading22_d7665e-25\">S\u0131navlara haz\u0131rl\u0131k s\u00fcrecinde \u00f6\u011frencinize en iyi deste\u011fi sunmak i\u00e7in yan\u0131n\u0131zday\u0131z. E\u011fitim alan\u0131nda profesyonel rehberlik ve do\u011fru y\u00f6nlendirmeyle ba\u015far\u0131ya ula\u015fman\u0131z i\u00e7in t\u00fcm imkanlar\u0131m\u0131zla \u00e7al\u0131\u015f\u0131yoruz. E\u011fer \u00f6\u011frencinizin s\u0131nav s\u00fcrecinde yanlar\u0131nda olmam\u0131z\u0131 isterseniz, bizimle ileti\u015fime ge\u00e7meniz yeterli.<br>Her t\u00fcrl\u00fc sorunuz i\u00e7in yan\u0131t vermeye ve destek olmaya haz\u0131r\u0131z!<\/p>\n\n\n<style>.wp-block-kadence-column.kb-section-dir-horizontal > .kt-inside-inner-col > .kt-info-box22_7e32ec-a3 .kt-blocks-info-box-link-wrap{max-width:unset;}.kt-info-box22_7e32ec-a3 .kt-blocks-info-box-link-wrap{border-top-left-radius:0px;border-top-right-radius:0px;border-bottom-right-radius:0px;border-bottom-left-radius:0px;background:rgba(255, 255, 255, 0);padding-top:10px;padding-right:0px;padding-bottom:0px;padding-left:0px;margin-top:20px;}.kt-info-box22_7e32ec-a3 .kt-blocks-info-box-link-wrap:hover{background:rgba(255, 255, 255, 0);}.kt-info-box22_7e32ec-a3 .kadence-info-box-icon-container .kt-info-svg-icon, .kt-info-box22_7e32ec-a3 .kt-info-svg-icon-flip, .kt-info-box22_7e32ec-a3 .kt-blocks-info-box-number{font-size:27px;}.kt-info-box22_7e32ec-a3 .kt-blocks-info-box-media{color:#ffffff;background:var(--global-palette1, #3182CE);border-color:var(--global-palette1, #3182CE);border-radius:10px;overflow:hidden;border-top-width:0px;border-right-width:0px;border-bottom-width:0px;border-left-width:0px;padding-top:20px;padding-right:20px;padding-bottom:20px;padding-left:20px;margin-top:0px;margin-right:20px;margin-bottom:0px;margin-left:0px;}.kt-info-box22_7e32ec-a3 .kt-blocks-info-box-media .kadence-info-box-image-intrisic img{border-radius:10px;}.kt-info-box22_7e32ec-a3 .kt-blocks-info-box-link-wrap:hover .kt-blocks-info-box-media{color:#ffffff;background:var(--global-palette1, #3182CE);border-color:var(--global-palette1, #3182CE);}.kt-info-box22_7e32ec-a3 .kt-infobox-textcontent h6.kt-blocks-info-box-title{color:var(--global-palette3, #1A202C);padding-top:0px;padding-right:0px;padding-bottom:0px;padding-left:0px;margin-top:5px;margin-right:0px;margin-bottom:0px;margin-left:0px;}.kt-info-box22_7e32ec-a3 .kt-infobox-textcontent .kt-blocks-info-box-text{color:var(--global-palette1, #3182CE);}.wp-block-kadence-infobox.kt-info-box22_7e32ec-a3 .kt-blocks-info-box-text{font-size:35px;font-weight:bold;padding-top:0px;padding-right:0px;padding-bottom:0px;padding-left:0px;margin-top:0px;margin-right:0px;margin-bottom:0px;margin-left:0px;}.kt-info-box22_7e32ec-a3 .kt-blocks-info-box-learnmore{background:transparent;border-color:#555555;border-width:0px 0px 0px 0px;padding-top:4px;padding-right:8px;padding-bottom:4px;padding-left:8px;margin-top:10px;margin-right:0px;margin-bottom:10px;margin-left:0px;}.kt-info-box22_7e32ec-a3 .kt-blocks-info-box-link-wrap:hover .kt-blocks-info-box-learnmore,.kt-info-box22_7e32ec-a3 .kt-blocks-info-box-link-wrap .kt-blocks-info-box-learnmore:focus{color:#ffffff;background:#444444;border-color:#444444;}@media all and (max-width: 1024px){.kt-info-box22_7e32ec-a3 .kt-blocks-info-box-link-wrap{padding-top:10px;padding-right:0px;padding-bottom:40px;padding-left:60px;}}@media all and (max-width: 767px){.kt-info-box22_7e32ec-a3 .kt-blocks-info-box-link-wrap{text-align:left;padding-top:0px;padding-right:0px;padding-bottom:0px;padding-left:0px;display:flex;justify-content:flex-start;flex-direction:row;}.kt-info-box22_7e32ec-a3 .kt-infobox-textcontent h6.kt-blocks-info-box-title{font-size:16px;}.kt-info-box22_7e32ec-a3 .kt-blocks-info-box-link-wrap .kt-blocks-info-box-media{display:inline-block;max-width:100%;}.wp-block-kadence-infobox.kt-info-box22_7e32ec-a3 .kt-blocks-info-box-text{font-size:28px;}}<\/style>\n<div class=\"wp-block-kadence-infobox kt-info-box22_7e32ec-a3\"><a class=\"kt-blocks-info-box-link-wrap info-box-link kt-blocks-info-box-media-align-left kt-info-halign-left kb-info-mobile-halign-left\" href=\"tel:+903124198494\"><div class=\"kt-blocks-info-box-media-container\"><div class=\"kt-blocks-info-box-media kt-info-media-animate-none\"><div class=\"kadence-info-box-icon-container kt-info-icon-animate-none\"><div class=\"kadence-info-box-icon-inner-container\"><span class=\"kb-svg-icon-wrap kb-svg-icon-fe_phone kt-info-svg-icon\"><svg viewBox=\"0 0 24 24\"  fill=\"none\" stroke=\"currentColor\" stroke-width=\"2.5\" stroke-linecap=\"round\" stroke-linejoin=\"round\" xmlns=\"http:\/\/www.w3.org\/2000\/svg\"  aria-hidden=\"true\"><path d=\"M22 16.92v3a2 2 0 0 1-2.18 2 19.79 19.79 0 0 1-8.63-3.07 19.5 19.5 0 0 1-6-6 19.79 19.79 0 0 1-3.07-8.67A2 2 0 0 1 4.11 2h3a2 2 0 0 1 2 1.72 12.84 12.84 0 0 0 .7 2.81 2 2 0 0 1-.45 2.11L8.09 9.91a16 16 0 0 0 6 6l1.27-1.27a2 2 0 0 1 2.11-.45 12.84 12.84 0 0 0 2.81.7A2 2 0 0 1 22 16.92z\"\/><\/svg><\/span><\/div><\/div><\/div><\/div><div class=\"kt-infobox-textcontent\"><h6 class=\"kt-blocks-info-box-title\">Hemen Bilgi Al<\/h6><p class=\"kt-blocks-info-box-text\"><a href=\"tel:903124198494\">0312 419 8494<\/a><\/p><\/div><\/a><\/div>\n<\/div><\/div>\n\n\n<style>.kadence-column22_2e8a78-d4 > .kt-inside-inner-col,.kadence-column22_2e8a78-d4 > .kt-inside-inner-col:before{border-top-left-radius:0px;border-top-right-radius:0px;border-bottom-right-radius:0px;border-bottom-left-radius:0px;}.kadence-column22_2e8a78-d4 > .kt-inside-inner-col{column-gap:var(--global-kb-gap-sm, 1rem);}.kadence-column22_2e8a78-d4 > .kt-inside-inner-col{flex-direction:column;}.kadence-column22_2e8a78-d4 > .kt-inside-inner-col > .aligncenter{width:100%;}.kadence-column22_2e8a78-d4 > .kt-inside-inner-col:before{opacity:0.3;}.kadence-column22_2e8a78-d4{position:relative;}@media all and (max-width: 1024px){.kadence-column22_2e8a78-d4 > .kt-inside-inner-col{flex-direction:column;justify-content:center;}}@media all and (max-width: 767px){.kadence-column22_2e8a78-d4 > .kt-inside-inner-col{flex-direction:column;justify-content:center;}}<\/style>\n<div class=\"wp-block-kadence-column kadence-column22_2e8a78-d4\"><div class=\"kt-inside-inner-col\"><style>.kb-google-maps-container22_1d4c18-fa{height:450px;}<\/style><div class=\"kb-google-maps-container kb-google-maps-container22_1d4c18-fa  wp-block-kadence-googlemaps\" data-mapid=\"22_1d4c18fa\"><iframe width=\"100%\" height=\"100%\"\n\t\t\t\t\t\t\tstyle=\"border:0\" loading=\"lazy\"\n\t\t\t\t\t\t\tsrc=\"https:\/\/www.google.com\/maps\/embed\/v1\/place?key=AIzaSyBAM2o7PiQqwk15LC1XRH2e_KJ-jUa7KYk&#038;zoom=18&#038;maptype=roadmap&#038;q=Odt%C3%BCnet\"\n\t\t\t\t\t\t\ttitle=\"Google map of Odt\u00fcnet\"><\/iframe><\/div><script>function kb_google_map22_1d4c18fa() { let center = { lat: 37.8201, lng: -122.4781}; let map = new google.maps.Map(document.getElementById(\"kb-google-map22_1d4c18fa\"), {\n\t\t\t\t\t    zoom: 18,\n\t\t\t\t\t    center: center,});let marker = new google.maps.Marker({   position: { lat: 37.8201, lng: -122.4781},    map: map,  });}<\/script><\/div><\/div>\n\n<\/div><\/div>","protected":false},"excerpt":{"rendered":"<p>Hakk\u0131m\u0131zda Odt\u00fcnet K\u0131z\u0131lay Dershane Neden Odt\u00fcnet Ankara K\u0131z\u0131lay Dershane S\u0131navlara haz\u0131rl\u0131k s\u00fcrecinde \u00f6\u011frencinize en iyi deste\u011fi sunmak i\u00e7in yan\u0131n\u0131zday\u0131z. E\u011fitim alan\u0131nda profesyonel rehberlik ve do\u011fru y\u00f6nlendirmeyle ba\u015far\u0131ya ula\u015fman\u0131z i\u00e7in t\u00fcm imkanlar\u0131m\u0131zla \u00e7al\u0131\u015f\u0131yoruz. E\u011fer \u00f6\u011frencinizin s\u0131nav s\u00fcrecinde yanlar\u0131nda olmam\u0131z\u0131 isterseniz, bizimle ileti\u015fime ge\u00e7meniz yeterli.Her t\u00fcrl\u00fc sorunuz i\u00e7in yan\u0131t vermeye ve destek olmaya haz\u0131r\u0131z!<\/p>\n","protected":false},"author":1,"featured_media":0,"parent":0,"menu_order":0,"comment_status":"closed","ping_status":"closed","template":"","meta":{"_kadence_starter_templates_imported_post":true,"_kad_post_transparent":"","_kad_post_title":"hide","_kad_post_layout":"fullwidth","_kad_post_sidebar_id":"","_kad_post_content_style":"unboxed","_kad_post_vertical_padding":"hide","_kad_post_feature":"hide","_kad_post_feature_position":"","_kad_post_header":false,"_kad_post_footer":false,"_kad_post_classname":"","footnotes":""},"class_list":["post-22","page","type-page","status-publish","hentry"],"_links":{"self":[{"href":"https:\/\/kizilaydershaneankara.com\/index.php\/wp-json\/wp\/v2\/pages\/22","targetHints":{"allow":["GET"]}}],"collection":[{"href":"https:\/\/kizilaydershaneankara.com\/index.php\/wp-json\/wp\/v2\/pages"}],"about":[{"href":"https:\/\/kizilaydershaneankara.com\/index.php\/wp-json\/wp\/v2\/types\/page"}],"author":[{"embeddable":true,"href":"https:\/\/kizilaydershaneankara.com\/index.php\/wp-json\/wp\/v2\/users\/1"}],"replies":[{"embeddable":true,"href":"https:\/\/kizilaydershaneankara.com\/index.php\/wp-json\/wp\/v2\/comments?post=22"}],"version-history":[{"count":3,"href":"https:\/\/kizilaydershaneankara.com\/index.php\/wp-json\/wp\/v2\/pages\/22\/revisions"}],"predecessor-version":[{"id":778,"href":"https:\/\/kizilaydershaneankara.com\/index.php\/wp-json\/wp\/v2\/pages\/22\/revisions\/778"}],"wp:attachment":[{"href":"https:\/\/kizilaydershaneankara.com\/index.php\/wp-json\/wp\/v2\/media?parent=22"}],"curies":[{"name":"wp","href":"https:\/\/api.w.org\/{rel}","templated":true}]}}